{"id":2142,"date":"2016-10-19T15:43:57","date_gmt":"2016-10-19T15:43:57","guid":{"rendered":"https:\/\/boderiou.com\/product\/anche-de-bombarde-boderioug1\/"},"modified":"2026-04-14T20:12:32","modified_gmt":"2026-04-14T20:12:32","slug":"anche-de-bombarde-boderioug1","status":"publish","type":"product","link":"https:\/\/boderiou.com\/en\/product\/anche-de-bombarde-boderioug1\/","title":{"rendered":"Boderiou\/G1 bombard reed"},"content":{"rendered":"<p>Boderiou\/G1 bombard reed<\/p>\n<p>&#8212;<\/p>\n<p>&#8220;<em>Une majorit\u00e9 de sonneurs de bombarde d\u00e9pendait depuis de nombreuses ann\u00e9es d\u2019un seul facteur d\u2019anche capable de produire en quantit\u00e9, Daniel Le Noan. L\u2019arr\u00eat de son activit\u00e9, in\u00e9vitable apr\u00e8s une carri\u00e8re bien remplie, faisait cauchemarder bon nombre de talarbaderien il n\u2019y a encore pas tr\u00e8s longtemps.<\/em><\/p>\n<p><em>Heureusement pour les sonneurs de bombardes et pour toutes les formules musicales auxquelles ils sont associ\u00e9s, des personnes ont repris le flambeau et ont r\u00e9ussi \u00e0 proposer tr\u00e8s rapidement des produits performants. Xavier Boderiou fait partie de ces personnes avec en plus l\u2019audace de s\u2019\u00e9loigner du mod\u00e8le \u00ab\u00a0classique\u00a0\u00bb, propos\u00e9 jusqu\u2019alors, en changeant la fa\u00e7on de travailler le roseau et la g\u00e9om\u00e9trie de l\u2019anche. Pari gagn\u00e9\u00a0!<\/em><\/p>\n<p><em>Damien Malarde (penn bombarde) et moi-m\u00eame, apr\u00e8s une premi\u00e8re exp\u00e9rience concluante \u00e0 l\u2019occasion d\u2019un concert avec le pipe-band Scottish Power au printemps 2016, avons fait le choix d\u2019\u00e9quiper le pupitre bombarde du bagad Cap Caval avec les anches Boderiou G1. Elles ont notamment accompagn\u00e9 le pupitre dans ses belles performances des concours de Lorient 2016 et Brest 2017. A l\u2019usage, \u00ab\u00a0robustesse\u00a0\u00bb, \u00ab\u00a0\u00e9quilibre de la gamme\u00a0\u00bb, \u00ab\u00a0stabilit\u00e9\u00a0\u00bb, \u00ab\u00a0long\u00e9vit\u00e9\u00a0\u00bb sont les premiers qualificatifs qui nous viennent \u00e0 l\u2019esprit. Nous invitons bien s\u00fbr tous les talarbaderien \u00e0 ne pas h\u00e9siter d\u2019essayer les anches de Xavier.&#8221;<\/em><\/p>\n<p><strong>TANGI SICARD<br \/>\n<\/strong><\/p>\n<p>&#8212;<\/p>\n<p><em>&#8220;Les anches Boderiou\/G1 ont \u00e9t\u00e9 utilis\u00e9es par la Kevrenn Alre en 1\u00e8re cat\u00e9gorie \u00e0 Brest et en 4e cat\u00e9gorie \u00e0 Pontivy avec le bagadig.<\/em><\/p>\n<p><em>Les pupitres bombarde ont termin\u00e9 \u00e0 la 1ere place avec les deux juges dans les deux cat\u00e9gories.<\/em><\/p>\n<div class=\"text_exposed_show\">\n<p><em>A l\u2019unanimit\u00e9, les sonneurs appr\u00e9cient leur stabilit\u00e9 et leur simplicit\u00e9 d\u2019accord. Les anches Boderiou\/G1 sont faciles d\u2019utilisation d\u00e8s le d\u00e9marrage (pas de n\u00e9cessit\u00e9 de \u00ab faire son anche \u00bb). Il faut toutefois bien masser les anches au dessus du fil pour obtenir la duret\u00e9 souhait\u00e9e.<\/em><\/p>\n<p><em>Les anches sont bien calibr\u00e9es au niveau du bouchon pour les puits des bombardes.<\/em><\/p>\n<p><em>Elles sont constantes, la production est tr\u00e8s homog\u00e8ne.<\/em><\/p>\n<p><em>Ce sont des anches de qualit\u00e9, elles sont \u00e9galement faciles \u00e0 utiliser en UT ou en R\u00e9.&#8221;<\/em><\/p>\n<\/div>\n<p><strong>FABRICE LOTHODE<\/strong><\/p>\n","protected":false},"excerpt":{"rendered":"<p>Boderiou\/G1 bombard reed &#8212; &#8220;Une majorit\u00e9 de sonneurs de bombarde d\u00e9pendait depuis de nombreuses ann\u00e9es d\u2019un seul facteur d\u2019anche capable de produire en quantit\u00e9, Daniel Le Noan. L\u2019arr\u00eat de son activit\u00e9, in\u00e9vitable apr\u00e8s une carri\u00e8re bien remplie, faisait cauchemarder bon nombre de talarbaderien il n\u2019y a encore pas tr\u00e8s longtemps. Heureusement pour les sonneurs de [&hellip;]<\/p>\n","protected":false},"featured_media":1158,"comment_status":"open","ping_status":"closed","template":"","meta":[],"product_brand":[],"product_cat":[54],"product_tag":[318,319],"class_list":{"0":"post-2142","1":"product","2":"type-product","3":"status-publish","4":"has-post-thumbnail","6":"product_cat-bombard-reeds","7":"product_tag-anche-de-bombarde-en","8":"product_tag-anches-de-bombarde-en","10":"first","11":"instock","12":"purchasable","13":"product-type-simple"},"yoast_head":"<!-- This site is optimized with the Yoast SEO plugin v27.1.1 - https:\/\/yoast.com\/product\/yoast-seo-wordpress\/ -->\n<title>Boderiou\/G1 bombard reed - Boderiou.com<\/title>\n<meta name=\"robots\" content=\"index, follow, max-snippet:-1, max-image-preview:large, max-video-preview:-1\" \/>\n<link rel=\"canonical\" href=\"https:\/\/boderiou.com\/en\/product\/anche-de-bombarde-boderioug1\/\" \/>\n<meta property=\"og:locale\" content=\"en_US\" \/>\n<meta property=\"og:type\" content=\"article\" \/>\n<meta property=\"og:title\" content=\"Boderiou\/G1 bombard reed - Boderiou.com\" \/>\n<meta property=\"og:description\" content=\"Boderiou\/G1 bombard reed &#8212; &#8220;Une majorit\u00e9 de sonneurs de bombarde d\u00e9pendait depuis de nombreuses ann\u00e9es d\u2019un seul facteur d\u2019anche capable de produire en quantit\u00e9, Daniel Le Noan. L\u2019arr\u00eat de son activit\u00e9, in\u00e9vitable apr\u00e8s une carri\u00e8re bien remplie, faisait cauchemarder bon nombre de talarbaderien il n\u2019y a encore pas tr\u00e8s longtemps. Heureusement pour les sonneurs de [&hellip;]\" \/>\n<meta property=\"og:url\" content=\"https:\/\/boderiou.com\/en\/product\/anche-de-bombarde-boderioug1\/\" \/>\n<meta property=\"og:site_name\" content=\"Boderiou.com\" \/>\n<meta property=\"article:publisher\" content=\"https:\/\/www.facebook.com\/boderiou\/\" \/>\n<meta property=\"article:modified_time\" content=\"2026-04-14T20:12:32+00:00\" \/>\n<meta property=\"og:image\" content=\"https:\/\/boderiou.com\/wp-content\/uploads\/2016\/10\/Anche-de-bombarde.jpg\" \/>\n\t<meta property=\"og:image:width\" content=\"3456\" \/>\n\t<meta property=\"og:image:height\" content=\"2304\" \/>\n\t<meta property=\"og:image:type\" content=\"image\/jpeg\" \/>\n<meta name=\"twitter:card\" content=\"summary_large_image\" \/>\n<meta name=\"twitter:label1\" content=\"Est. reading time\" \/>\n\t<meta name=\"twitter:data1\" content=\"2 minutes\" \/>\n<script type=\"application\/ld+json\" class=\"yoast-schema-graph\">{\"@context\":\"https:\/\/schema.org\",\"@graph\":[{\"@type\":\"WebPage\",\"@id\":\"https:\/\/boderiou.com\/en\/product\/anche-de-bombarde-boderioug1\/\",\"url\":\"https:\/\/boderiou.com\/en\/product\/anche-de-bombarde-boderioug1\/\",\"name\":\"Boderiou\/G1 bombard reed - Boderiou.com\",\"isPartOf\":{\"@id\":\"https:\/\/boderiou.com\/#website\"},\"primaryImageOfPage\":{\"@id\":\"https:\/\/boderiou.com\/en\/product\/anche-de-bombarde-boderioug1\/#primaryimage\"},\"image\":{\"@id\":\"https:\/\/boderiou.com\/en\/product\/anche-de-bombarde-boderioug1\/#primaryimage\"},\"thumbnailUrl\":\"https:\/\/boderiou.com\/wp-content\/uploads\/2016\/10\/Anche-de-bombarde.jpg\",\"datePublished\":\"2016-10-19T15:43:57+00:00\",\"dateModified\":\"2026-04-14T20:12:32+00:00\",\"breadcrumb\":{\"@id\":\"https:\/\/boderiou.com\/en\/product\/anche-de-bombarde-boderioug1\/#breadcrumb\"},\"inLanguage\":\"en-US\",\"potentialAction\":[{\"@type\":\"ReadAction\",\"target\":[\"https:\/\/boderiou.com\/en\/product\/anche-de-bombarde-boderioug1\/\"]}]},{\"@type\":\"ImageObject\",\"inLanguage\":\"en-US\",\"@id\":\"https:\/\/boderiou.com\/en\/product\/anche-de-bombarde-boderioug1\/#primaryimage\",\"url\":\"https:\/\/boderiou.com\/wp-content\/uploads\/2016\/10\/Anche-de-bombarde.jpg\",\"contentUrl\":\"https:\/\/boderiou.com\/wp-content\/uploads\/2016\/10\/Anche-de-bombarde.jpg\",\"width\":3456,\"height\":2304},{\"@type\":\"BreadcrumbList\",\"@id\":\"https:\/\/boderiou.com\/en\/product\/anche-de-bombarde-boderioug1\/#breadcrumb\",\"itemListElement\":[{\"@type\":\"ListItem\",\"position\":1,\"name\":\"Accueil\",\"item\":\"https:\/\/boderiou.com\/\"},{\"@type\":\"ListItem\",\"position\":2,\"name\":\"Shop\",\"item\":\"https:\/\/boderiou.com\/en\/shop\/\"},{\"@type\":\"ListItem\",\"position\":3,\"name\":\"Boderiou\/G1 bombard reed\"}]},{\"@type\":\"WebSite\",\"@id\":\"https:\/\/boderiou.com\/#website\",\"url\":\"https:\/\/boderiou.com\/\",\"name\":\"Boderiou.com\",\"description\":\"A World of Piping \/\/ Tout pour la Cornemuse\",\"publisher\":{\"@id\":\"https:\/\/boderiou.com\/#organization\"},\"potentialAction\":[{\"@type\":\"SearchAction\",\"target\":{\"@type\":\"EntryPoint\",\"urlTemplate\":\"https:\/\/boderiou.com\/?s={search_term_string}\"},\"query-input\":{\"@type\":\"PropertyValueSpecification\",\"valueRequired\":true,\"valueName\":\"search_term_string\"}}],\"inLanguage\":\"en-US\"},{\"@type\":\"Organization\",\"@id\":\"https:\/\/boderiou.com\/#organization\",\"name\":\"Boderiou.com\",\"url\":\"https:\/\/boderiou.com\/\",\"logo\":{\"@type\":\"ImageObject\",\"inLanguage\":\"en-US\",\"@id\":\"https:\/\/boderiou.com\/#\/schema\/logo\/image\/\",\"url\":\"https:\/\/boderiou.com\/wp-content\/uploads\/2017\/02\/boderiou-logo-200.png\",\"contentUrl\":\"https:\/\/boderiou.com\/wp-content\/uploads\/2017\/02\/boderiou-logo-200.png\",\"width\":200,\"height\":180,\"caption\":\"Boderiou.com\"},\"image\":{\"@id\":\"https:\/\/boderiou.com\/#\/schema\/logo\/image\/\"},\"sameAs\":[\"https:\/\/www.facebook.com\/boderiou\/\"]}]}<\/script>\n<!-- \/ Yoast SEO plugin. -->","yoast_head_json":{"title":"Boderiou\/G1 bombard reed - Boderiou.com","robots":{"index":"index","follow":"follow","max-snippet":"max-snippet:-1","max-image-preview":"max-image-preview:large","max-video-preview":"max-video-preview:-1"},"canonical":"https:\/\/boderiou.com\/en\/product\/anche-de-bombarde-boderioug1\/","og_locale":"en_US","og_type":"article","og_title":"Boderiou\/G1 bombard reed - Boderiou.com","og_description":"Boderiou\/G1 bombard reed &#8212; &#8220;Une majorit\u00e9 de sonneurs de bombarde d\u00e9pendait depuis de nombreuses ann\u00e9es d\u2019un seul facteur d\u2019anche capable de produire en quantit\u00e9, Daniel Le Noan. L\u2019arr\u00eat de son activit\u00e9, in\u00e9vitable apr\u00e8s une carri\u00e8re bien remplie, faisait cauchemarder bon nombre de talarbaderien il n\u2019y a encore pas tr\u00e8s longtemps. Heureusement pour les sonneurs de [&hellip;]","og_url":"https:\/\/boderiou.com\/en\/product\/anche-de-bombarde-boderioug1\/","og_site_name":"Boderiou.com","article_publisher":"https:\/\/www.facebook.com\/boderiou\/","article_modified_time":"2026-04-14T20:12:32+00:00","og_image":[{"width":3456,"height":2304,"url":"https:\/\/boderiou.com\/wp-content\/uploads\/2016\/10\/Anche-de-bombarde.jpg","type":"image\/jpeg"}],"twitter_card":"summary_large_image","twitter_misc":{"Est. reading time":"2 minutes"},"schema":{"@context":"https:\/\/schema.org","@graph":[{"@type":"WebPage","@id":"https:\/\/boderiou.com\/en\/product\/anche-de-bombarde-boderioug1\/","url":"https:\/\/boderiou.com\/en\/product\/anche-de-bombarde-boderioug1\/","name":"Boderiou\/G1 bombard reed - Boderiou.com","isPartOf":{"@id":"https:\/\/boderiou.com\/#website"},"primaryImageOfPage":{"@id":"https:\/\/boderiou.com\/en\/product\/anche-de-bombarde-boderioug1\/#primaryimage"},"image":{"@id":"https:\/\/boderiou.com\/en\/product\/anche-de-bombarde-boderioug1\/#primaryimage"},"thumbnailUrl":"https:\/\/boderiou.com\/wp-content\/uploads\/2016\/10\/Anche-de-bombarde.jpg","datePublished":"2016-10-19T15:43:57+00:00","dateModified":"2026-04-14T20:12:32+00:00","breadcrumb":{"@id":"https:\/\/boderiou.com\/en\/product\/anche-de-bombarde-boderioug1\/#breadcrumb"},"inLanguage":"en-US","potentialAction":[{"@type":"ReadAction","target":["https:\/\/boderiou.com\/en\/product\/anche-de-bombarde-boderioug1\/"]}]},{"@type":"ImageObject","inLanguage":"en-US","@id":"https:\/\/boderiou.com\/en\/product\/anche-de-bombarde-boderioug1\/#primaryimage","url":"https:\/\/boderiou.com\/wp-content\/uploads\/2016\/10\/Anche-de-bombarde.jpg","contentUrl":"https:\/\/boderiou.com\/wp-content\/uploads\/2016\/10\/Anche-de-bombarde.jpg","width":3456,"height":2304},{"@type":"BreadcrumbList","@id":"https:\/\/boderiou.com\/en\/product\/anche-de-bombarde-boderioug1\/#breadcrumb","itemListElement":[{"@type":"ListItem","position":1,"name":"Accueil","item":"https:\/\/boderiou.com\/"},{"@type":"ListItem","position":2,"name":"Shop","item":"https:\/\/boderiou.com\/en\/shop\/"},{"@type":"ListItem","position":3,"name":"Boderiou\/G1 bombard reed"}]},{"@type":"WebSite","@id":"https:\/\/boderiou.com\/#website","url":"https:\/\/boderiou.com\/","name":"Boderiou.com","description":"A World of Piping \/\/ Tout pour la Cornemuse","publisher":{"@id":"https:\/\/boderiou.com\/#organization"},"potentialAction":[{"@type":"SearchAction","target":{"@type":"EntryPoint","urlTemplate":"https:\/\/boderiou.com\/?s={search_term_string}"},"query-input":{"@type":"PropertyValueSpecification","valueRequired":true,"valueName":"search_term_string"}}],"inLanguage":"en-US"},{"@type":"Organization","@id":"https:\/\/boderiou.com\/#organization","name":"Boderiou.com","url":"https:\/\/boderiou.com\/","logo":{"@type":"ImageObject","inLanguage":"en-US","@id":"https:\/\/boderiou.com\/#\/schema\/logo\/image\/","url":"https:\/\/boderiou.com\/wp-content\/uploads\/2017\/02\/boderiou-logo-200.png","contentUrl":"https:\/\/boderiou.com\/wp-content\/uploads\/2017\/02\/boderiou-logo-200.png","width":200,"height":180,"caption":"Boderiou.com"},"image":{"@id":"https:\/\/boderiou.com\/#\/schema\/logo\/image\/"},"sameAs":["https:\/\/www.facebook.com\/boderiou\/"]}]}},"_links":{"self":[{"href":"https:\/\/boderiou.com\/en\/wp-json\/wp\/v2\/product\/2142","targetHints":{"allow":["GET"]}}],"collection":[{"href":"https:\/\/boderiou.com\/en\/wp-json\/wp\/v2\/product"}],"about":[{"href":"https:\/\/boderiou.com\/en\/wp-json\/wp\/v2\/types\/product"}],"replies":[{"embeddable":true,"href":"https:\/\/boderiou.com\/en\/wp-json\/wp\/v2\/comments?post=2142"}],"wp:featuredmedia":[{"embeddable":true,"href":"https:\/\/boderiou.com\/en\/wp-json\/wp\/v2\/media\/1158"}],"wp:attachment":[{"href":"https:\/\/boderiou.com\/en\/wp-json\/wp\/v2\/media?parent=2142"}],"wp:term":[{"taxonomy":"product_brand","embeddable":true,"href":"https:\/\/boderiou.com\/en\/wp-json\/wp\/v2\/product_brand?post=2142"},{"taxonomy":"product_cat","embeddable":true,"href":"https:\/\/boderiou.com\/en\/wp-json\/wp\/v2\/product_cat?post=2142"},{"taxonomy":"product_tag","embeddable":true,"href":"https:\/\/boderiou.com\/en\/wp-json\/wp\/v2\/product_tag?post=2142"}],"curies":[{"name":"wp","href":"https:\/\/api.w.org\/{rel}","templated":true}]}}