{"id":3429,"date":"2019-09-19T07:43:00","date_gmt":"2019-09-19T07:43:00","guid":{"rendered":"https:\/\/boderiou.com\/?post_type=product&#038;p=3429"},"modified":"2025-03-25T18:40:44","modified_gmt":"2025-03-25T18:40:44","slug":"boderiou-bagpipe-case","status":"publish","type":"product","link":"https:\/\/boderiou.com\/en\/product\/boderiou-bagpipe-case\/","title":{"rendered":"Boderiou Bagpipe Case"},"content":{"rendered":"<p>The Boderiou Bagpipe Case has been specifically designed for bagpipers. It can be used as an <strong>adjustable trolley case (4 wheels)<\/strong> or a <strong>backpack.<\/strong><\/p>\n<p>The <strong>strengthened bottom of the case<\/strong> offers an optimal protection for your instrument. Drone tops fit in the<strong> inside pocket (with 4 compartments).<\/strong><\/p>\n<p><strong>Two large outside pockets<\/strong> provides plenty of space for your bagpipe music, accessories, reeds or electronic devices.<\/p>\n<p><strong>Two Boveda moisture control packs<\/strong> are included in the main compartments to make sure that your pipes are in the best playing condition.<\/p>\n<p>The Boderiou Bagpipe Case is compatible with most airlines hand luggages regulations.<\/p>\n<p>The Boderiou Bagpipe Case is water resistant.<\/p>\n<p>Color : BLACK<\/p>\n","protected":false},"excerpt":{"rendered":"<p>The Boderiou Bagpipe Case has been specifically designed for bagpipers. It can be used as an adjustable trolley case (4 wheels) or a backpack. The strengthened bottom of the case offers an optimal protection for your instrument. Drone tops fit in the inside pocket (with 4 compartments). Two large outside pockets provides plenty of space [&hellip;]<\/p>\n","protected":false},"featured_media":3373,"comment_status":"open","ping_status":"closed","template":"","meta":[],"product_brand":[],"product_cat":[90],"product_tag":[],"class_list":{"0":"post-3429","1":"product","2":"type-product","3":"status-publish","4":"has-post-thumbnail","6":"product_cat-pipe-cases","8":"first","9":"instock","10":"shipping-taxable","11":"purchasable","12":"product-type-simple"},"yoast_head":"<!-- This site is optimized with the Yoast SEO plugin v27.1.1 - https:\/\/yoast.com\/product\/yoast-seo-wordpress\/ -->\n<title>Boderiou Bagpipe Case Boderiou.com - Boderiou.com<\/title>\n<meta name=\"description\" content=\"La valise Boderiou Bagpipe Case a \u00e9t\u00e9 sp\u00e9cialement con\u00e7ue pour les joueurs de cornemuse. Elle peut \u00eatre utilis\u00e9e en sac \u00e0 dos ou en trolley ajustable \u00e0 4 roues.La base renforc\u00e9e permet une excellente protection de l&#039;instrument. Les hauts de bourdons peuvent se ranger dans la pochette interne \u00e0 compartiments.Les partitions, accessoires, anches ou appareils \u00e9lectroniques se logent facilement dans les deux compartiments frontaux.\" \/>\n<meta name=\"robots\" content=\"index, follow, max-snippet:-1, max-image-preview:large, max-video-preview:-1\" \/>\n<link rel=\"canonical\" href=\"https:\/\/boderiou.com\/produit\/boderiou-bagpipe-case\/\" \/>\n<meta property=\"og:locale\" content=\"en_US\" \/>\n<meta property=\"og:type\" content=\"article\" \/>\n<meta property=\"og:title\" content=\"Boderiou Bagpipe Case Boderiou.com - Boderiou.com\" \/>\n<meta property=\"og:description\" content=\"La valise Boderiou Bagpipe Case a \u00e9t\u00e9 sp\u00e9cialement con\u00e7ue pour les joueurs de cornemuse. Elle peut \u00eatre utilis\u00e9e en sac \u00e0 dos ou en trolley ajustable \u00e0 4 roues.La base renforc\u00e9e permet une excellente protection de l&#039;instrument. Les hauts de bourdons peuvent se ranger dans la pochette interne \u00e0 compartiments.Les partitions, accessoires, anches ou appareils \u00e9lectroniques se logent facilement dans les deux compartiments frontaux.\" \/>\n<meta property=\"og:url\" content=\"https:\/\/boderiou.com\/produit\/boderiou-bagpipe-case\/\" \/>\n<meta property=\"og:site_name\" content=\"Boderiou.com\" \/>\n<meta property=\"article:publisher\" content=\"https:\/\/www.facebook.com\/boderiou\/\" \/>\n<meta property=\"article:modified_time\" content=\"2025-03-25T18:40:44+00:00\" \/>\n<meta property=\"og:image\" content=\"https:\/\/boderiou.com\/wp-content\/uploads\/2019\/09\/boderiou-pipe-case-1-1.jpg\" \/>\n\t<meta property=\"og:image:width\" content=\"2304\" \/>\n\t<meta property=\"og:image:height\" content=\"3456\" \/>\n\t<meta property=\"og:image:type\" content=\"image\/jpeg\" \/>\n<meta name=\"twitter:card\" content=\"summary_large_image\" \/>\n<meta name=\"twitter:label1\" content=\"Est. reading time\" \/>\n\t<meta name=\"twitter:data1\" content=\"1 minute\" \/>\n<script type=\"application\/ld+json\" class=\"yoast-schema-graph\">{\"@context\":\"https:\/\/schema.org\",\"@graph\":[{\"@type\":\"WebPage\",\"@id\":\"https:\/\/boderiou.com\/produit\/boderiou-bagpipe-case\/\",\"url\":\"https:\/\/boderiou.com\/produit\/boderiou-bagpipe-case\/\",\"name\":\"Boderiou Bagpipe Case Boderiou.com - Boderiou.com\",\"isPartOf\":{\"@id\":\"https:\/\/boderiou.com\/#website\"},\"primaryImageOfPage\":{\"@id\":\"https:\/\/boderiou.com\/produit\/boderiou-bagpipe-case\/#primaryimage\"},\"image\":{\"@id\":\"https:\/\/boderiou.com\/produit\/boderiou-bagpipe-case\/#primaryimage\"},\"thumbnailUrl\":\"https:\/\/boderiou.com\/wp-content\/uploads\/2019\/09\/boderiou-pipe-case-1-1.jpg\",\"datePublished\":\"2019-09-19T07:43:00+00:00\",\"dateModified\":\"2025-03-25T18:40:44+00:00\",\"description\":\"La valise Boderiou Bagpipe Case a \u00e9t\u00e9 sp\u00e9cialement con\u00e7ue pour les joueurs de cornemuse. Elle peut \u00eatre utilis\u00e9e en sac \u00e0 dos ou en trolley ajustable \u00e0 4 roues.La base renforc\u00e9e permet une excellente protection de l'instrument. Les hauts de bourdons peuvent se ranger dans la pochette interne \u00e0 compartiments.Les partitions, accessoires, anches ou appareils \u00e9lectroniques se logent facilement dans les deux compartiments frontaux.\",\"breadcrumb\":{\"@id\":\"https:\/\/boderiou.com\/produit\/boderiou-bagpipe-case\/#breadcrumb\"},\"inLanguage\":\"en-US\",\"potentialAction\":[{\"@type\":\"ReadAction\",\"target\":[\"https:\/\/boderiou.com\/produit\/boderiou-bagpipe-case\/\"]}]},{\"@type\":\"ImageObject\",\"inLanguage\":\"en-US\",\"@id\":\"https:\/\/boderiou.com\/produit\/boderiou-bagpipe-case\/#primaryimage\",\"url\":\"https:\/\/boderiou.com\/wp-content\/uploads\/2019\/09\/boderiou-pipe-case-1-1.jpg\",\"contentUrl\":\"https:\/\/boderiou.com\/wp-content\/uploads\/2019\/09\/boderiou-pipe-case-1-1.jpg\",\"width\":2304,\"height\":3456},{\"@type\":\"BreadcrumbList\",\"@id\":\"https:\/\/boderiou.com\/produit\/boderiou-bagpipe-case\/#breadcrumb\",\"itemListElement\":[{\"@type\":\"ListItem\",\"position\":1,\"name\":\"Accueil\",\"item\":\"https:\/\/boderiou.com\/\"},{\"@type\":\"ListItem\",\"position\":2,\"name\":\"Shop\",\"item\":\"https:\/\/boderiou.com\/en\/shop\/\"},{\"@type\":\"ListItem\",\"position\":3,\"name\":\"Boderiou Bagpipe Case\"}]},{\"@type\":\"WebSite\",\"@id\":\"https:\/\/boderiou.com\/#website\",\"url\":\"https:\/\/boderiou.com\/\",\"name\":\"Boderiou.com\",\"description\":\"A World of Piping \/\/ Tout pour la Cornemuse\",\"publisher\":{\"@id\":\"https:\/\/boderiou.com\/#organization\"},\"potentialAction\":[{\"@type\":\"SearchAction\",\"target\":{\"@type\":\"EntryPoint\",\"urlTemplate\":\"https:\/\/boderiou.com\/?s={search_term_string}\"},\"query-input\":{\"@type\":\"PropertyValueSpecification\",\"valueRequired\":true,\"valueName\":\"search_term_string\"}}],\"inLanguage\":\"en-US\"},{\"@type\":\"Organization\",\"@id\":\"https:\/\/boderiou.com\/#organization\",\"name\":\"Boderiou.com\",\"url\":\"https:\/\/boderiou.com\/\",\"logo\":{\"@type\":\"ImageObject\",\"inLanguage\":\"en-US\",\"@id\":\"https:\/\/boderiou.com\/#\/schema\/logo\/image\/\",\"url\":\"https:\/\/boderiou.com\/wp-content\/uploads\/2017\/02\/boderiou-logo-200.png\",\"contentUrl\":\"https:\/\/boderiou.com\/wp-content\/uploads\/2017\/02\/boderiou-logo-200.png\",\"width\":200,\"height\":180,\"caption\":\"Boderiou.com\"},\"image\":{\"@id\":\"https:\/\/boderiou.com\/#\/schema\/logo\/image\/\"},\"sameAs\":[\"https:\/\/www.facebook.com\/boderiou\/\"]}]}<\/script>\n<!-- \/ Yoast SEO plugin. -->","yoast_head_json":{"title":"Boderiou Bagpipe Case Boderiou.com - Boderiou.com","description":"La valise Boderiou Bagpipe Case a \u00e9t\u00e9 sp\u00e9cialement con\u00e7ue pour les joueurs de cornemuse. Elle peut \u00eatre utilis\u00e9e en sac \u00e0 dos ou en trolley ajustable \u00e0 4 roues.La base renforc\u00e9e permet une excellente protection de l'instrument. Les hauts de bourdons peuvent se ranger dans la pochette interne \u00e0 compartiments.Les partitions, accessoires, anches ou appareils \u00e9lectroniques se logent facilement dans les deux compartiments frontaux.","robots":{"index":"index","follow":"follow","max-snippet":"max-snippet:-1","max-image-preview":"max-image-preview:large","max-video-preview":"max-video-preview:-1"},"canonical":"https:\/\/boderiou.com\/produit\/boderiou-bagpipe-case\/","og_locale":"en_US","og_type":"article","og_title":"Boderiou Bagpipe Case Boderiou.com - Boderiou.com","og_description":"La valise Boderiou Bagpipe Case a \u00e9t\u00e9 sp\u00e9cialement con\u00e7ue pour les joueurs de cornemuse. Elle peut \u00eatre utilis\u00e9e en sac \u00e0 dos ou en trolley ajustable \u00e0 4 roues.La base renforc\u00e9e permet une excellente protection de l'instrument. Les hauts de bourdons peuvent se ranger dans la pochette interne \u00e0 compartiments.Les partitions, accessoires, anches ou appareils \u00e9lectroniques se logent facilement dans les deux compartiments frontaux.","og_url":"https:\/\/boderiou.com\/produit\/boderiou-bagpipe-case\/","og_site_name":"Boderiou.com","article_publisher":"https:\/\/www.facebook.com\/boderiou\/","article_modified_time":"2025-03-25T18:40:44+00:00","og_image":[{"width":2304,"height":3456,"url":"https:\/\/boderiou.com\/wp-content\/uploads\/2019\/09\/boderiou-pipe-case-1-1.jpg","type":"image\/jpeg"}],"twitter_card":"summary_large_image","twitter_misc":{"Est. reading time":"1 minute"},"schema":{"@context":"https:\/\/schema.org","@graph":[{"@type":"WebPage","@id":"https:\/\/boderiou.com\/produit\/boderiou-bagpipe-case\/","url":"https:\/\/boderiou.com\/produit\/boderiou-bagpipe-case\/","name":"Boderiou Bagpipe Case Boderiou.com - Boderiou.com","isPartOf":{"@id":"https:\/\/boderiou.com\/#website"},"primaryImageOfPage":{"@id":"https:\/\/boderiou.com\/produit\/boderiou-bagpipe-case\/#primaryimage"},"image":{"@id":"https:\/\/boderiou.com\/produit\/boderiou-bagpipe-case\/#primaryimage"},"thumbnailUrl":"https:\/\/boderiou.com\/wp-content\/uploads\/2019\/09\/boderiou-pipe-case-1-1.jpg","datePublished":"2019-09-19T07:43:00+00:00","dateModified":"2025-03-25T18:40:44+00:00","description":"La valise Boderiou Bagpipe Case a \u00e9t\u00e9 sp\u00e9cialement con\u00e7ue pour les joueurs de cornemuse. Elle peut \u00eatre utilis\u00e9e en sac \u00e0 dos ou en trolley ajustable \u00e0 4 roues.La base renforc\u00e9e permet une excellente protection de l'instrument. Les hauts de bourdons peuvent se ranger dans la pochette interne \u00e0 compartiments.Les partitions, accessoires, anches ou appareils \u00e9lectroniques se logent facilement dans les deux compartiments frontaux.","breadcrumb":{"@id":"https:\/\/boderiou.com\/produit\/boderiou-bagpipe-case\/#breadcrumb"},"inLanguage":"en-US","potentialAction":[{"@type":"ReadAction","target":["https:\/\/boderiou.com\/produit\/boderiou-bagpipe-case\/"]}]},{"@type":"ImageObject","inLanguage":"en-US","@id":"https:\/\/boderiou.com\/produit\/boderiou-bagpipe-case\/#primaryimage","url":"https:\/\/boderiou.com\/wp-content\/uploads\/2019\/09\/boderiou-pipe-case-1-1.jpg","contentUrl":"https:\/\/boderiou.com\/wp-content\/uploads\/2019\/09\/boderiou-pipe-case-1-1.jpg","width":2304,"height":3456},{"@type":"BreadcrumbList","@id":"https:\/\/boderiou.com\/produit\/boderiou-bagpipe-case\/#breadcrumb","itemListElement":[{"@type":"ListItem","position":1,"name":"Accueil","item":"https:\/\/boderiou.com\/"},{"@type":"ListItem","position":2,"name":"Shop","item":"https:\/\/boderiou.com\/en\/shop\/"},{"@type":"ListItem","position":3,"name":"Boderiou Bagpipe Case"}]},{"@type":"WebSite","@id":"https:\/\/boderiou.com\/#website","url":"https:\/\/boderiou.com\/","name":"Boderiou.com","description":"A World of Piping \/\/ Tout pour la Cornemuse","publisher":{"@id":"https:\/\/boderiou.com\/#organization"},"potentialAction":[{"@type":"SearchAction","target":{"@type":"EntryPoint","urlTemplate":"https:\/\/boderiou.com\/?s={search_term_string}"},"query-input":{"@type":"PropertyValueSpecification","valueRequired":true,"valueName":"search_term_string"}}],"inLanguage":"en-US"},{"@type":"Organization","@id":"https:\/\/boderiou.com\/#organization","name":"Boderiou.com","url":"https:\/\/boderiou.com\/","logo":{"@type":"ImageObject","inLanguage":"en-US","@id":"https:\/\/boderiou.com\/#\/schema\/logo\/image\/","url":"https:\/\/boderiou.com\/wp-content\/uploads\/2017\/02\/boderiou-logo-200.png","contentUrl":"https:\/\/boderiou.com\/wp-content\/uploads\/2017\/02\/boderiou-logo-200.png","width":200,"height":180,"caption":"Boderiou.com"},"image":{"@id":"https:\/\/boderiou.com\/#\/schema\/logo\/image\/"},"sameAs":["https:\/\/www.facebook.com\/boderiou\/"]}]}},"_links":{"self":[{"href":"https:\/\/boderiou.com\/en\/wp-json\/wp\/v2\/product\/3429","targetHints":{"allow":["GET"]}}],"collection":[{"href":"https:\/\/boderiou.com\/en\/wp-json\/wp\/v2\/product"}],"about":[{"href":"https:\/\/boderiou.com\/en\/wp-json\/wp\/v2\/types\/product"}],"replies":[{"embeddable":true,"href":"https:\/\/boderiou.com\/en\/wp-json\/wp\/v2\/comments?post=3429"}],"wp:featuredmedia":[{"embeddable":true,"href":"https:\/\/boderiou.com\/en\/wp-json\/wp\/v2\/media\/3373"}],"wp:attachment":[{"href":"https:\/\/boderiou.com\/en\/wp-json\/wp\/v2\/media?parent=3429"}],"wp:term":[{"taxonomy":"product_brand","embeddable":true,"href":"https:\/\/boderiou.com\/en\/wp-json\/wp\/v2\/product_brand?post=3429"},{"taxonomy":"product_cat","embeddable":true,"href":"https:\/\/boderiou.com\/en\/wp-json\/wp\/v2\/product_cat?post=3429"},{"taxonomy":"product_tag","embeddable":true,"href":"https:\/\/boderiou.com\/en\/wp-json\/wp\/v2\/product_tag?post=3429"}],"curies":[{"name":"wp","href":"https:\/\/api.w.org\/{rel}","templated":true}]}}